{"id":1732,"date":"2026-03-25T00:33:56","date_gmt":"2026-03-25T00:33:56","guid":{"rendered":"https:\/\/assum.cl\/wp\/?post_type=product&#038;p=1732"},"modified":"2026-03-25T14:26:42","modified_gmt":"2026-03-25T14:26:42","slug":"anteojo-b-foam-sf-121","status":"publish","type":"product","link":"https:\/\/assum.cl\/wp\/producto\/anteojo-b-foam-sf-121\/","title":{"rendered":"Anteojo B Foam SF-121"},"content":{"rendered":"<p>Anteojos de seguridad B-Foam, poseen un dise\u00f1o ergon\u00f3mico y liviano. Incorporan un sello de EVA, lo que entrega una gran comodidad y mayor seguridad para el \u00e1rea ocular, limitando la exposici\u00f3n de los ojos al polvo y otros agentes contaminantes.<\/p>\n<ul>\n<li>Anteojo de policarbonato.<\/li>\n<li>Protecci\u00f3n UV 99,9%.<\/li>\n<li>Clase \u00d3ptica 1.<\/li>\n<li>Resistente a impacto.<\/li>\n<li>Tratamiento antiempa\u00f1ante.<\/li>\n<li>Tratamiento antirayadura.<\/li>\n<li>Sello herm\u00e9tico perimetral de EVA.<\/li>\n<li>Certificaci\u00f3n ANSI \/ ISEA Z87.1-2020<\/li>\n<\/ul>\n","protected":false},"excerpt":{"rendered":"<p>Anteojos de seguridad B-Foam, poseen un dise\u00f1o ergon\u00f3mico y liviano. Incorporan un sello de EVA, lo que entrega una gran comodidad y mayor seguridad para el \u00e1rea ocular, limitando la exposici\u00f3n de los ojos al polvo y otros agentes contaminantes. Anteojo de policarbonato. Protecci\u00f3n UV 99,9%. Clase \u00d3ptica 1. Resistente a impacto. Tratamiento antiempa\u00f1ante. Tratamiento antirayadura. Sello herm\u00e9tico perimetral de EVA. Certificaci\u00f3n ANSI \/ ISEA Z87.1-2020<\/p>\n","protected":false},"featured_media":1646,"comment_status":"open","ping_status":"closed","template":"","meta":{"site-sidebar-layout":"default","site-content-layout":"","ast-site-content-layout":"default","site-content-style":"default","site-sidebar-style":"default","ast-global-header-display":"","ast-banner-title-visibility":"","ast-main-header-display":"","ast-hfb-above-header-display":"","ast-hfb-below-header-display":"","ast-hfb-mobile-header-display":"","site-post-title":"","ast-breadcrumbs-content":"","ast-featured-img":"","footer-sml-layout":"","ast-disable-related-posts":"","theme-transparent-header-meta":"default","adv-header-id-meta":"","stick-header-meta":"","header-above-stick-meta":"","header-main-stick-meta":"","header-below-stick-meta":"","astra-migrate-meta-layouts":"set","ast-page-background-enabled":"default","ast-page-background-meta":{"desktop":{"background-color":"var(--ast-global-color-4)","background-image":"","background-repeat":"repeat","background-position":"center center","background-size":"auto","background-attachment":"scroll","background-type":"","background-media":"","overlay-type":"","overlay-color":"","overlay-opacity":"","overlay-gradient":""},"tablet":{"background-color":"","background-image":"","background-repeat":"repeat","background-position":"center center","background-size":"auto","background-attachment":"scroll","background-type":"","background-media":"","overlay-type":"","overlay-color":"","overlay-opacity":"","overlay-gradient":""},"mobile":{"background-color":"","background-image":"","background-repeat":"repeat","background-position":"center center","background-size":"auto","background-attachment":"scroll","background-type":"","background-media":"","overlay-type":"","overlay-color":"","overlay-opacity":"","overlay-gradient":""}},"ast-content-background-meta":{"desktop":{"background-color":"var(--ast-global-color-5)","background-image":"","background-repeat":"repeat","background-position":"center center","background-size":"auto","background-attachment":"scroll","background-type":"","background-media":"","overlay-type":"","overlay-color":"","overlay-opacity":"","overlay-gradient":""},"tablet":{"background-color":"var(--ast-global-color-5)","background-image":"","background-repeat":"repeat","background-position":"center center","background-size":"auto","background-attachment":"scroll","background-type":"","background-media":"","overlay-type":"","overlay-color":"","overlay-opacity":"","overlay-gradient":""},"mobile":{"background-color":"var(--ast-global-color-5)","background-image":"","background-repeat":"repeat","background-position":"center center","background-size":"auto","background-attachment":"scroll","background-type":"","background-media":"","overlay-type":"","overlay-color":"","overlay-opacity":"","overlay-gradient":""}}},"product_brand":[73],"product_cat":[44],"product_tag":[],"class_list":{"0":"post-1732","1":"product","2":"type-product","3":"status-publish","4":"has-post-thumbnail","6":"product_brand-getpro","7":"product_cat-anteojos","8":"desktop-align-left","9":"tablet-align-left","10":"mobile-align-left","12":"first","13":"instock","14":"taxable","15":"shipping-taxable","16":"purchasable","17":"product-type-variable"},"yoast_head":"<!-- This site is optimized with the Yoast SEO plugin v27.2 - https:\/\/yoast.com\/product\/yoast-seo-wordpress\/ -->\n<title>Anteojo B Foam SF-121 - Assum<\/title>\n<meta name=\"description\" content=\"Anteojos de seguridad B-Foam, poseen un dise\u00f1o ergon\u00f3mico y liviano. Incorporan un sello de EVA, lo que entrega una gran comodidad y mayor seguridad para el \u00e1rea ocular, limitando la exposici\u00f3n de los ojos al polvo y otros agentes contaminantes.\" \/>\n<meta name=\"robots\" content=\"index, follow, max-snippet:-1, max-image-preview:large, max-video-preview:-1\" \/>\n<link rel=\"canonical\" href=\"https:\/\/assum.cl\/wp\/producto\/anteojo-b-foam-sf-121\/\" \/>\n<meta property=\"og:locale\" content=\"es_ES\" \/>\n<meta property=\"og:type\" content=\"article\" \/>\n<meta property=\"og:title\" content=\"Anteojo B Foam SF-121 - Assum\" \/>\n<meta property=\"og:description\" content=\"Anteojos de seguridad B-Foam, poseen un dise\u00f1o ergon\u00f3mico y liviano. Incorporan un sello de EVA, lo que entrega una gran comodidad y mayor seguridad para el \u00e1rea ocular, limitando la exposici\u00f3n de los ojos al polvo y otros agentes contaminantes.\" \/>\n<meta property=\"og:url\" content=\"https:\/\/assum.cl\/wp\/producto\/anteojo-b-foam-sf-121\/\" \/>\n<meta property=\"og:site_name\" content=\"Assum\" \/>\n<meta property=\"article:modified_time\" content=\"2026-03-25T14:26:42+00:00\" \/>\n<meta property=\"og:image\" content=\"https:\/\/assum.cl\/wp\/wp-content\/uploads\/2026\/03\/1-3.jpeg\" \/>\n\t<meta property=\"og:image:width\" content=\"350\" \/>\n\t<meta property=\"og:image:height\" content=\"350\" \/>\n\t<meta property=\"og:image:type\" content=\"image\/jpeg\" \/>\n<meta name=\"twitter:card\" content=\"summary_large_image\" \/>\n<meta name=\"twitter:label1\" content=\"Tiempo de lectura\" \/>\n\t<meta name=\"twitter:data1\" content=\"1 minuto\" \/>\n<script type=\"application\/ld+json\" class=\"yoast-schema-graph\">{\"@context\":\"https:\/\/schema.org\",\"@graph\":[{\"@type\":\"WebPage\",\"@id\":\"https:\/\/assum.cl\/wp\/producto\/anteojo-b-foam-sf-121\/\",\"url\":\"https:\/\/assum.cl\/wp\/producto\/anteojo-b-foam-sf-121\/\",\"name\":\"Anteojo B Foam SF-121 - Assum\",\"isPartOf\":{\"@id\":\"https:\/\/assum.cl\/wp\/#website\"},\"primaryImageOfPage\":{\"@id\":\"https:\/\/assum.cl\/wp\/producto\/anteojo-b-foam-sf-121\/#primaryimage\"},\"image\":{\"@id\":\"https:\/\/assum.cl\/wp\/producto\/anteojo-b-foam-sf-121\/#primaryimage\"},\"thumbnailUrl\":\"https:\/\/assum.cl\/wp\/wp-content\/uploads\/2026\/03\/1-3.jpeg\",\"datePublished\":\"2026-03-25T00:33:56+00:00\",\"dateModified\":\"2026-03-25T14:26:42+00:00\",\"description\":\"Anteojos de seguridad B-Foam, poseen un dise\u00f1o ergon\u00f3mico y liviano. Incorporan un sello de EVA, lo que entrega una gran comodidad y mayor seguridad para el \u00e1rea ocular, limitando la exposici\u00f3n de los ojos al polvo y otros agentes contaminantes.\",\"breadcrumb\":{\"@id\":\"https:\/\/assum.cl\/wp\/producto\/anteojo-b-foam-sf-121\/#breadcrumb\"},\"inLanguage\":\"es\",\"potentialAction\":[{\"@type\":\"ReadAction\",\"target\":[\"https:\/\/assum.cl\/wp\/producto\/anteojo-b-foam-sf-121\/\"]}]},{\"@type\":\"ImageObject\",\"inLanguage\":\"es\",\"@id\":\"https:\/\/assum.cl\/wp\/producto\/anteojo-b-foam-sf-121\/#primaryimage\",\"url\":\"https:\/\/assum.cl\/wp\/wp-content\/uploads\/2026\/03\/1-3.jpeg\",\"contentUrl\":\"https:\/\/assum.cl\/wp\/wp-content\/uploads\/2026\/03\/1-3.jpeg\",\"width\":350,\"height\":350},{\"@type\":\"BreadcrumbList\",\"@id\":\"https:\/\/assum.cl\/wp\/producto\/anteojo-b-foam-sf-121\/#breadcrumb\",\"itemListElement\":[{\"@type\":\"ListItem\",\"position\":1,\"name\":\"Portada\",\"item\":\"https:\/\/assum.cl\/wp\/\"},{\"@type\":\"ListItem\",\"position\":2,\"name\":\"Productos\",\"item\":\"https:\/\/assum.cl\/wp\/tienda\/\"},{\"@type\":\"ListItem\",\"position\":3,\"name\":\"Anteojo B Foam SF-121\"}]},{\"@type\":\"WebSite\",\"@id\":\"https:\/\/assum.cl\/wp\/#website\",\"url\":\"https:\/\/assum.cl\/wp\/\",\"name\":\"Assum\",\"description\":\"Tus Metas son las Nuestras\",\"publisher\":{\"@id\":\"https:\/\/assum.cl\/wp\/#organization\"},\"potentialAction\":[{\"@type\":\"SearchAction\",\"target\":{\"@type\":\"EntryPoint\",\"urlTemplate\":\"https:\/\/assum.cl\/wp\/?s={search_term_string}\"},\"query-input\":{\"@type\":\"PropertyValueSpecification\",\"valueRequired\":true,\"valueName\":\"search_term_string\"}}],\"inLanguage\":\"es\"},{\"@type\":\"Organization\",\"@id\":\"https:\/\/assum.cl\/wp\/#organization\",\"name\":\"Assum\",\"url\":\"https:\/\/assum.cl\/wp\/\",\"logo\":{\"@type\":\"ImageObject\",\"inLanguage\":\"es\",\"@id\":\"https:\/\/assum.cl\/wp\/#\/schema\/logo\/image\/\",\"url\":\"https:\/\/assum.cl\/wp\/wp-content\/uploads\/2023\/06\/cropped-logoassum.png\",\"contentUrl\":\"https:\/\/assum.cl\/wp\/wp-content\/uploads\/2023\/06\/cropped-logoassum.png\",\"width\":512,\"height\":512,\"caption\":\"Assum\"},\"image\":{\"@id\":\"https:\/\/assum.cl\/wp\/#\/schema\/logo\/image\/\"}}]}<\/script>\n<!-- \/ Yoast SEO plugin. -->","yoast_head_json":{"title":"Anteojo B Foam SF-121 - Assum","description":"Anteojos de seguridad B-Foam, poseen un dise\u00f1o ergon\u00f3mico y liviano. Incorporan un sello de EVA, lo que entrega una gran comodidad y mayor seguridad para el \u00e1rea ocular, limitando la exposici\u00f3n de los ojos al polvo y otros agentes contaminantes.","robots":{"index":"index","follow":"follow","max-snippet":"max-snippet:-1","max-image-preview":"max-image-preview:large","max-video-preview":"max-video-preview:-1"},"canonical":"https:\/\/assum.cl\/wp\/producto\/anteojo-b-foam-sf-121\/","og_locale":"es_ES","og_type":"article","og_title":"Anteojo B Foam SF-121 - Assum","og_description":"Anteojos de seguridad B-Foam, poseen un dise\u00f1o ergon\u00f3mico y liviano. Incorporan un sello de EVA, lo que entrega una gran comodidad y mayor seguridad para el \u00e1rea ocular, limitando la exposici\u00f3n de los ojos al polvo y otros agentes contaminantes.","og_url":"https:\/\/assum.cl\/wp\/producto\/anteojo-b-foam-sf-121\/","og_site_name":"Assum","article_modified_time":"2026-03-25T14:26:42+00:00","og_image":[{"width":350,"height":350,"url":"https:\/\/assum.cl\/wp\/wp-content\/uploads\/2026\/03\/1-3.jpeg","type":"image\/jpeg"}],"twitter_card":"summary_large_image","twitter_misc":{"Tiempo de lectura":"1 minuto"},"schema":{"@context":"https:\/\/schema.org","@graph":[{"@type":"WebPage","@id":"https:\/\/assum.cl\/wp\/producto\/anteojo-b-foam-sf-121\/","url":"https:\/\/assum.cl\/wp\/producto\/anteojo-b-foam-sf-121\/","name":"Anteojo B Foam SF-121 - Assum","isPartOf":{"@id":"https:\/\/assum.cl\/wp\/#website"},"primaryImageOfPage":{"@id":"https:\/\/assum.cl\/wp\/producto\/anteojo-b-foam-sf-121\/#primaryimage"},"image":{"@id":"https:\/\/assum.cl\/wp\/producto\/anteojo-b-foam-sf-121\/#primaryimage"},"thumbnailUrl":"https:\/\/assum.cl\/wp\/wp-content\/uploads\/2026\/03\/1-3.jpeg","datePublished":"2026-03-25T00:33:56+00:00","dateModified":"2026-03-25T14:26:42+00:00","description":"Anteojos de seguridad B-Foam, poseen un dise\u00f1o ergon\u00f3mico y liviano. Incorporan un sello de EVA, lo que entrega una gran comodidad y mayor seguridad para el \u00e1rea ocular, limitando la exposici\u00f3n de los ojos al polvo y otros agentes contaminantes.","breadcrumb":{"@id":"https:\/\/assum.cl\/wp\/producto\/anteojo-b-foam-sf-121\/#breadcrumb"},"inLanguage":"es","potentialAction":[{"@type":"ReadAction","target":["https:\/\/assum.cl\/wp\/producto\/anteojo-b-foam-sf-121\/"]}]},{"@type":"ImageObject","inLanguage":"es","@id":"https:\/\/assum.cl\/wp\/producto\/anteojo-b-foam-sf-121\/#primaryimage","url":"https:\/\/assum.cl\/wp\/wp-content\/uploads\/2026\/03\/1-3.jpeg","contentUrl":"https:\/\/assum.cl\/wp\/wp-content\/uploads\/2026\/03\/1-3.jpeg","width":350,"height":350},{"@type":"BreadcrumbList","@id":"https:\/\/assum.cl\/wp\/producto\/anteojo-b-foam-sf-121\/#breadcrumb","itemListElement":[{"@type":"ListItem","position":1,"name":"Portada","item":"https:\/\/assum.cl\/wp\/"},{"@type":"ListItem","position":2,"name":"Productos","item":"https:\/\/assum.cl\/wp\/tienda\/"},{"@type":"ListItem","position":3,"name":"Anteojo B Foam SF-121"}]},{"@type":"WebSite","@id":"https:\/\/assum.cl\/wp\/#website","url":"https:\/\/assum.cl\/wp\/","name":"Assum","description":"Tus Metas son las Nuestras","publisher":{"@id":"https:\/\/assum.cl\/wp\/#organization"},"potentialAction":[{"@type":"SearchAction","target":{"@type":"EntryPoint","urlTemplate":"https:\/\/assum.cl\/wp\/?s={search_term_string}"},"query-input":{"@type":"PropertyValueSpecification","valueRequired":true,"valueName":"search_term_string"}}],"inLanguage":"es"},{"@type":"Organization","@id":"https:\/\/assum.cl\/wp\/#organization","name":"Assum","url":"https:\/\/assum.cl\/wp\/","logo":{"@type":"ImageObject","inLanguage":"es","@id":"https:\/\/assum.cl\/wp\/#\/schema\/logo\/image\/","url":"https:\/\/assum.cl\/wp\/wp-content\/uploads\/2023\/06\/cropped-logoassum.png","contentUrl":"https:\/\/assum.cl\/wp\/wp-content\/uploads\/2023\/06\/cropped-logoassum.png","width":512,"height":512,"caption":"Assum"},"image":{"@id":"https:\/\/assum.cl\/wp\/#\/schema\/logo\/image\/"}}]}},"_links":{"self":[{"href":"https:\/\/assum.cl\/wp\/wp-json\/wp\/v2\/product\/1732","targetHints":{"allow":["GET"]}}],"collection":[{"href":"https:\/\/assum.cl\/wp\/wp-json\/wp\/v2\/product"}],"about":[{"href":"https:\/\/assum.cl\/wp\/wp-json\/wp\/v2\/types\/product"}],"replies":[{"embeddable":true,"href":"https:\/\/assum.cl\/wp\/wp-json\/wp\/v2\/comments?post=1732"}],"wp:featuredmedia":[{"embeddable":true,"href":"https:\/\/assum.cl\/wp\/wp-json\/wp\/v2\/media\/1646"}],"wp:attachment":[{"href":"https:\/\/assum.cl\/wp\/wp-json\/wp\/v2\/media?parent=1732"}],"wp:term":[{"taxonomy":"product_brand","embeddable":true,"href":"https:\/\/assum.cl\/wp\/wp-json\/wp\/v2\/product_brand?post=1732"},{"taxonomy":"product_cat","embeddable":true,"href":"https:\/\/assum.cl\/wp\/wp-json\/wp\/v2\/product_cat?post=1732"},{"taxonomy":"product_tag","embeddable":true,"href":"https:\/\/assum.cl\/wp\/wp-json\/wp\/v2\/product_tag?post=1732"}],"curies":[{"name":"wp","href":"https:\/\/api.w.org\/{rel}","templated":true}]}}