{"id":2334,"date":"2026-04-02T20:05:24","date_gmt":"2026-04-02T20:05:24","guid":{"rendered":"https:\/\/assum.cl\/wp\/?post_type=product&#038;p=2334"},"modified":"2026-04-02T20:05:24","modified_gmt":"2026-04-02T20:05:24","slug":"espatulas-flexibles-nexxo-retail","status":"publish","type":"product","link":"https:\/\/assum.cl\/wp\/producto\/espatulas-flexibles-nexxo-retail\/","title":{"rendered":"Esp\u00e1tulas Flexibles Nexxo Retail"},"content":{"rendered":"<div>ACERO CARBONO 175<\/div>\n<div>Esp\u00e1tula de acero carbono flexible con terminaci\u00f3n pulida espejo, lo que facilita su limpieza.<\/div>\n<div>\n<p>Mango de pl\u00e1stico reforzada, la hoja de acero va sujeta por todo el mango de pl\u00e1stico, lo que evita quiebres y da firmeza al trabajo.<\/p>\n<\/div>\n","protected":false},"excerpt":{"rendered":"<p><a href=\"https:\/\/assum.cl\/wp\/wp-content\/uploads\/2026\/04\/FICHA-TECNICA-6.pdf\">FICHA TE\u0301CNICA<\/a><\/p>\n","protected":false},"featured_media":2335,"comment_status":"open","ping_status":"closed","template":"","meta":{"site-sidebar-layout":"default","site-content-layout":"","ast-site-content-layout":"default","site-content-style":"default","site-sidebar-style":"default","ast-global-header-display":"","ast-banner-title-visibility":"","ast-main-header-display":"","ast-hfb-above-header-display":"","ast-hfb-below-header-display":"","ast-hfb-mobile-header-display":"","site-post-title":"","ast-breadcrumbs-content":"","ast-featured-img":"","footer-sml-layout":"","ast-disable-related-posts":"","theme-transparent-header-meta":"default","adv-header-id-meta":"","stick-header-meta":"","header-above-stick-meta":"","header-main-stick-meta":"","header-below-stick-meta":"","astra-migrate-meta-layouts":"set","ast-page-background-enabled":"default","ast-page-background-meta":{"desktop":{"background-color":"var(--ast-global-color-4)","background-image":"","background-repeat":"repeat","background-position":"center center","background-size":"auto","background-attachment":"scroll","background-type":"","background-media":"","overlay-type":"","overlay-color":"","overlay-opacity":"","overlay-gradient":""},"tablet":{"background-color":"","background-image":"","background-repeat":"repeat","background-position":"center center","background-size":"auto","background-attachment":"scroll","background-type":"","background-media":"","overlay-type":"","overlay-color":"","overlay-opacity":"","overlay-gradient":""},"mobile":{"background-color":"","background-image":"","background-repeat":"repeat","background-position":"center center","background-size":"auto","background-attachment":"scroll","background-type":"","background-media":"","overlay-type":"","overlay-color":"","overlay-opacity":"","overlay-gradient":""}},"ast-content-background-meta":{"desktop":{"background-color":"var(--ast-global-color-5)","background-image":"","background-repeat":"repeat","background-position":"center center","background-size":"auto","background-attachment":"scroll","background-type":"","background-media":"","overlay-type":"","overlay-color":"","overlay-opacity":"","overlay-gradient":""},"tablet":{"background-color":"var(--ast-global-color-5)","background-image":"","background-repeat":"repeat","background-position":"center center","background-size":"auto","background-attachment":"scroll","background-type":"","background-media":"","overlay-type":"","overlay-color":"","overlay-opacity":"","overlay-gradient":""},"mobile":{"background-color":"var(--ast-global-color-5)","background-image":"","background-repeat":"repeat","background-position":"center center","background-size":"auto","background-attachment":"scroll","background-type":"","background-media":"","overlay-type":"","overlay-color":"","overlay-opacity":"","overlay-gradient":""}}},"product_brand":[71],"product_cat":[66],"product_tag":[],"class_list":{"0":"post-2334","1":"product","2":"type-product","3":"status-publish","4":"has-post-thumbnail","6":"product_brand-nexxo-retail","7":"product_cat-insumos-ferreteria","8":"desktop-align-left","9":"tablet-align-left","10":"mobile-align-left","12":"first","13":"instock","14":"taxable","15":"shipping-taxable","16":"purchasable","17":"product-type-variable"},"yoast_head":"<!-- This site is optimized with the Yoast SEO plugin v27.2 - https:\/\/yoast.com\/product\/yoast-seo-wordpress\/ -->\n<title>Esp\u00e1tulas Flexibles Nexxo Retail - Assum<\/title>\n<meta name=\"description\" content=\"ACERO CARBONO 175Esp\u00e1tula de acero carbono flexible con terminaci\u00f3n pulida espejo, lo que facilita su limpieza.Mango de pl\u00e1stico reforzada, la hoja de acero va sujeta por todo el mango de pl\u00e1stico, lo que evita quiebres y da firmeza al trabajo.\" \/>\n<meta name=\"robots\" content=\"index, follow, max-snippet:-1, max-image-preview:large, max-video-preview:-1\" \/>\n<link rel=\"canonical\" href=\"https:\/\/assum.cl\/wp\/producto\/espatulas-flexibles-nexxo-retail\/\" \/>\n<meta property=\"og:locale\" content=\"es_ES\" \/>\n<meta property=\"og:type\" content=\"article\" \/>\n<meta property=\"og:title\" content=\"Esp\u00e1tulas Flexibles Nexxo Retail - Assum\" \/>\n<meta property=\"og:description\" content=\"ACERO CARBONO 175Esp\u00e1tula de acero carbono flexible con terminaci\u00f3n pulida espejo, lo que facilita su limpieza.Mango de pl\u00e1stico reforzada, la hoja de acero va sujeta por todo el mango de pl\u00e1stico, lo que evita quiebres y da firmeza al trabajo.\" \/>\n<meta property=\"og:url\" content=\"https:\/\/assum.cl\/wp\/producto\/espatulas-flexibles-nexxo-retail\/\" \/>\n<meta property=\"og:site_name\" content=\"Assum\" \/>\n<meta property=\"og:image\" content=\"https:\/\/assum.cl\/wp\/wp-content\/uploads\/2026\/04\/1-4.jpg\" \/>\n\t<meta property=\"og:image:width\" content=\"458\" \/>\n\t<meta property=\"og:image:height\" content=\"458\" \/>\n\t<meta property=\"og:image:type\" content=\"image\/jpeg\" \/>\n<meta name=\"twitter:card\" content=\"summary_large_image\" \/>\n<meta name=\"twitter:label1\" content=\"Tiempo de lectura\" \/>\n\t<meta name=\"twitter:data1\" content=\"1 minuto\" \/>\n<script type=\"application\/ld+json\" class=\"yoast-schema-graph\">{\"@context\":\"https:\/\/schema.org\",\"@graph\":[{\"@type\":\"WebPage\",\"@id\":\"https:\/\/assum.cl\/wp\/producto\/espatulas-flexibles-nexxo-retail\/\",\"url\":\"https:\/\/assum.cl\/wp\/producto\/espatulas-flexibles-nexxo-retail\/\",\"name\":\"Esp\u00e1tulas Flexibles Nexxo Retail - Assum\",\"isPartOf\":{\"@id\":\"https:\/\/assum.cl\/wp\/#website\"},\"primaryImageOfPage\":{\"@id\":\"https:\/\/assum.cl\/wp\/producto\/espatulas-flexibles-nexxo-retail\/#primaryimage\"},\"image\":{\"@id\":\"https:\/\/assum.cl\/wp\/producto\/espatulas-flexibles-nexxo-retail\/#primaryimage\"},\"thumbnailUrl\":\"https:\/\/assum.cl\/wp\/wp-content\/uploads\/2026\/04\/1-4.jpg\",\"datePublished\":\"2026-04-02T20:05:24+00:00\",\"description\":\"ACERO CARBONO 175Esp\u00e1tula de acero carbono flexible con terminaci\u00f3n pulida espejo, lo que facilita su limpieza.Mango de pl\u00e1stico reforzada, la hoja de acero va sujeta por todo el mango de pl\u00e1stico, lo que evita quiebres y da firmeza al trabajo.\",\"breadcrumb\":{\"@id\":\"https:\/\/assum.cl\/wp\/producto\/espatulas-flexibles-nexxo-retail\/#breadcrumb\"},\"inLanguage\":\"es\",\"potentialAction\":[{\"@type\":\"ReadAction\",\"target\":[\"https:\/\/assum.cl\/wp\/producto\/espatulas-flexibles-nexxo-retail\/\"]}]},{\"@type\":\"ImageObject\",\"inLanguage\":\"es\",\"@id\":\"https:\/\/assum.cl\/wp\/producto\/espatulas-flexibles-nexxo-retail\/#primaryimage\",\"url\":\"https:\/\/assum.cl\/wp\/wp-content\/uploads\/2026\/04\/1-4.jpg\",\"contentUrl\":\"https:\/\/assum.cl\/wp\/wp-content\/uploads\/2026\/04\/1-4.jpg\",\"width\":458,\"height\":458},{\"@type\":\"BreadcrumbList\",\"@id\":\"https:\/\/assum.cl\/wp\/producto\/espatulas-flexibles-nexxo-retail\/#breadcrumb\",\"itemListElement\":[{\"@type\":\"ListItem\",\"position\":1,\"name\":\"Portada\",\"item\":\"https:\/\/assum.cl\/wp\/\"},{\"@type\":\"ListItem\",\"position\":2,\"name\":\"Productos\",\"item\":\"https:\/\/assum.cl\/wp\/tienda\/\"},{\"@type\":\"ListItem\",\"position\":3,\"name\":\"Esp\u00e1tulas Flexibles Nexxo Retail\"}]},{\"@type\":\"WebSite\",\"@id\":\"https:\/\/assum.cl\/wp\/#website\",\"url\":\"https:\/\/assum.cl\/wp\/\",\"name\":\"Assum\",\"description\":\"Tus Metas son las Nuestras\",\"publisher\":{\"@id\":\"https:\/\/assum.cl\/wp\/#organization\"},\"potentialAction\":[{\"@type\":\"SearchAction\",\"target\":{\"@type\":\"EntryPoint\",\"urlTemplate\":\"https:\/\/assum.cl\/wp\/?s={search_term_string}\"},\"query-input\":{\"@type\":\"PropertyValueSpecification\",\"valueRequired\":true,\"valueName\":\"search_term_string\"}}],\"inLanguage\":\"es\"},{\"@type\":\"Organization\",\"@id\":\"https:\/\/assum.cl\/wp\/#organization\",\"name\":\"Assum\",\"url\":\"https:\/\/assum.cl\/wp\/\",\"logo\":{\"@type\":\"ImageObject\",\"inLanguage\":\"es\",\"@id\":\"https:\/\/assum.cl\/wp\/#\/schema\/logo\/image\/\",\"url\":\"https:\/\/assum.cl\/wp\/wp-content\/uploads\/2023\/06\/cropped-logoassum.png\",\"contentUrl\":\"https:\/\/assum.cl\/wp\/wp-content\/uploads\/2023\/06\/cropped-logoassum.png\",\"width\":512,\"height\":512,\"caption\":\"Assum\"},\"image\":{\"@id\":\"https:\/\/assum.cl\/wp\/#\/schema\/logo\/image\/\"}}]}<\/script>\n<!-- \/ Yoast SEO plugin. -->","yoast_head_json":{"title":"Esp\u00e1tulas Flexibles Nexxo Retail - Assum","description":"ACERO CARBONO 175Esp\u00e1tula de acero carbono flexible con terminaci\u00f3n pulida espejo, lo que facilita su limpieza.Mango de pl\u00e1stico reforzada, la hoja de acero va sujeta por todo el mango de pl\u00e1stico, lo que evita quiebres y da firmeza al trabajo.","robots":{"index":"index","follow":"follow","max-snippet":"max-snippet:-1","max-image-preview":"max-image-preview:large","max-video-preview":"max-video-preview:-1"},"canonical":"https:\/\/assum.cl\/wp\/producto\/espatulas-flexibles-nexxo-retail\/","og_locale":"es_ES","og_type":"article","og_title":"Esp\u00e1tulas Flexibles Nexxo Retail - Assum","og_description":"ACERO CARBONO 175Esp\u00e1tula de acero carbono flexible con terminaci\u00f3n pulida espejo, lo que facilita su limpieza.Mango de pl\u00e1stico reforzada, la hoja de acero va sujeta por todo el mango de pl\u00e1stico, lo que evita quiebres y da firmeza al trabajo.","og_url":"https:\/\/assum.cl\/wp\/producto\/espatulas-flexibles-nexxo-retail\/","og_site_name":"Assum","og_image":[{"width":458,"height":458,"url":"https:\/\/assum.cl\/wp\/wp-content\/uploads\/2026\/04\/1-4.jpg","type":"image\/jpeg"}],"twitter_card":"summary_large_image","twitter_misc":{"Tiempo de lectura":"1 minuto"},"schema":{"@context":"https:\/\/schema.org","@graph":[{"@type":"WebPage","@id":"https:\/\/assum.cl\/wp\/producto\/espatulas-flexibles-nexxo-retail\/","url":"https:\/\/assum.cl\/wp\/producto\/espatulas-flexibles-nexxo-retail\/","name":"Esp\u00e1tulas Flexibles Nexxo Retail - Assum","isPartOf":{"@id":"https:\/\/assum.cl\/wp\/#website"},"primaryImageOfPage":{"@id":"https:\/\/assum.cl\/wp\/producto\/espatulas-flexibles-nexxo-retail\/#primaryimage"},"image":{"@id":"https:\/\/assum.cl\/wp\/producto\/espatulas-flexibles-nexxo-retail\/#primaryimage"},"thumbnailUrl":"https:\/\/assum.cl\/wp\/wp-content\/uploads\/2026\/04\/1-4.jpg","datePublished":"2026-04-02T20:05:24+00:00","description":"ACERO CARBONO 175Esp\u00e1tula de acero carbono flexible con terminaci\u00f3n pulida espejo, lo que facilita su limpieza.Mango de pl\u00e1stico reforzada, la hoja de acero va sujeta por todo el mango de pl\u00e1stico, lo que evita quiebres y da firmeza al trabajo.","breadcrumb":{"@id":"https:\/\/assum.cl\/wp\/producto\/espatulas-flexibles-nexxo-retail\/#breadcrumb"},"inLanguage":"es","potentialAction":[{"@type":"ReadAction","target":["https:\/\/assum.cl\/wp\/producto\/espatulas-flexibles-nexxo-retail\/"]}]},{"@type":"ImageObject","inLanguage":"es","@id":"https:\/\/assum.cl\/wp\/producto\/espatulas-flexibles-nexxo-retail\/#primaryimage","url":"https:\/\/assum.cl\/wp\/wp-content\/uploads\/2026\/04\/1-4.jpg","contentUrl":"https:\/\/assum.cl\/wp\/wp-content\/uploads\/2026\/04\/1-4.jpg","width":458,"height":458},{"@type":"BreadcrumbList","@id":"https:\/\/assum.cl\/wp\/producto\/espatulas-flexibles-nexxo-retail\/#breadcrumb","itemListElement":[{"@type":"ListItem","position":1,"name":"Portada","item":"https:\/\/assum.cl\/wp\/"},{"@type":"ListItem","position":2,"name":"Productos","item":"https:\/\/assum.cl\/wp\/tienda\/"},{"@type":"ListItem","position":3,"name":"Esp\u00e1tulas Flexibles Nexxo Retail"}]},{"@type":"WebSite","@id":"https:\/\/assum.cl\/wp\/#website","url":"https:\/\/assum.cl\/wp\/","name":"Assum","description":"Tus Metas son las Nuestras","publisher":{"@id":"https:\/\/assum.cl\/wp\/#organization"},"potentialAction":[{"@type":"SearchAction","target":{"@type":"EntryPoint","urlTemplate":"https:\/\/assum.cl\/wp\/?s={search_term_string}"},"query-input":{"@type":"PropertyValueSpecification","valueRequired":true,"valueName":"search_term_string"}}],"inLanguage":"es"},{"@type":"Organization","@id":"https:\/\/assum.cl\/wp\/#organization","name":"Assum","url":"https:\/\/assum.cl\/wp\/","logo":{"@type":"ImageObject","inLanguage":"es","@id":"https:\/\/assum.cl\/wp\/#\/schema\/logo\/image\/","url":"https:\/\/assum.cl\/wp\/wp-content\/uploads\/2023\/06\/cropped-logoassum.png","contentUrl":"https:\/\/assum.cl\/wp\/wp-content\/uploads\/2023\/06\/cropped-logoassum.png","width":512,"height":512,"caption":"Assum"},"image":{"@id":"https:\/\/assum.cl\/wp\/#\/schema\/logo\/image\/"}}]}},"_links":{"self":[{"href":"https:\/\/assum.cl\/wp\/wp-json\/wp\/v2\/product\/2334","targetHints":{"allow":["GET"]}}],"collection":[{"href":"https:\/\/assum.cl\/wp\/wp-json\/wp\/v2\/product"}],"about":[{"href":"https:\/\/assum.cl\/wp\/wp-json\/wp\/v2\/types\/product"}],"replies":[{"embeddable":true,"href":"https:\/\/assum.cl\/wp\/wp-json\/wp\/v2\/comments?post=2334"}],"wp:featuredmedia":[{"embeddable":true,"href":"https:\/\/assum.cl\/wp\/wp-json\/wp\/v2\/media\/2335"}],"wp:attachment":[{"href":"https:\/\/assum.cl\/wp\/wp-json\/wp\/v2\/media?parent=2334"}],"wp:term":[{"taxonomy":"product_brand","embeddable":true,"href":"https:\/\/assum.cl\/wp\/wp-json\/wp\/v2\/product_brand?post=2334"},{"taxonomy":"product_cat","embeddable":true,"href":"https:\/\/assum.cl\/wp\/wp-json\/wp\/v2\/product_cat?post=2334"},{"taxonomy":"product_tag","embeddable":true,"href":"https:\/\/assum.cl\/wp\/wp-json\/wp\/v2\/product_tag?post=2334"}],"curies":[{"name":"wp","href":"https:\/\/api.w.org\/{rel}","templated":true}]}}