{"id":2695,"date":"2026-04-27T16:29:46","date_gmt":"2026-04-27T16:29:46","guid":{"rendered":"https:\/\/assum.cl\/wp\/?post_type=product&#038;p=2695"},"modified":"2026-04-27T16:29:47","modified_gmt":"2026-04-27T16:29:47","slug":"silicona-alta-temperatura-rtv-negro-85g","status":"publish","type":"product","link":"https:\/\/assum.cl\/wp\/producto\/silicona-alta-temperatura-rtv-negro-85g\/","title":{"rendered":"Silicona Alta Temperatura RTV Negro 85G"},"content":{"rendered":"<div class=\"marketingSection AT_PublicationShortTextUSP \">Resistente al envejecimiento, intemperie y ciclo t\u00e9rmico sin endurecerse, encogerse ni agrietarse. El producto no emite olores, no es corrosivo y es resistente al aceite, fluidos y vibraciones.<\/div>\n<div class=\"marketingSection AT_PublicationInstructions\">\n<p class=\"level1\">Excelente compuesto adhesivo y de sellado para uso industrial y sellado de sistemas el\u00e9ctricos de autom\u00f3viles<\/p>\n<ul>\n<li>Sellado con silicona de elasticidad permanente<\/li>\n<li>Excelente adherencia<\/li>\n<li>Excelente resistencia a aceite del motor, aceite de transmisi\u00f3n y aceite de engranajes<\/li>\n<li>Extraordinaria resistencia a productos qu\u00edmicos<\/li>\n<li>Viscosidad media, f\u00e1cil de aplicar<\/li>\n<\/ul>\n<\/div>\n","protected":false},"excerpt":{"rendered":"<p>Resistente al envejecimiento, intemperie y ciclo t\u00e9rmico sin endurecerse, encogerse ni agrietarse. El producto no emite olores, no es corrosivo y es resistente al aceite, fluidos y vibraciones. Excelente compuesto adhesivo y de sellado para uso industrial y sellado de sistemas el\u00e9ctricos de autom\u00f3viles Sellado con silicona de elasticidad permanente Excelente adherencia Excelente resistencia a aceite del motor, aceite de transmisi\u00f3n y aceite de engranajes Extraordinaria resistencia a productos qu\u00edmicos Viscosidad media, f\u00e1cil de aplicar<\/p>\n","protected":false},"featured_media":2696,"comment_status":"open","ping_status":"closed","template":"","meta":{"site-sidebar-layout":"default","site-content-layout":"","ast-site-content-layout":"default","site-content-style":"default","site-sidebar-style":"default","ast-global-header-display":"","ast-banner-title-visibility":"","ast-main-header-display":"","ast-hfb-above-header-display":"","ast-hfb-below-header-display":"","ast-hfb-mobile-header-display":"","site-post-title":"","ast-breadcrumbs-content":"","ast-featured-img":"","footer-sml-layout":"","ast-disable-related-posts":"","theme-transparent-header-meta":"default","adv-header-id-meta":"","stick-header-meta":"","header-above-stick-meta":"","header-main-stick-meta":"","header-below-stick-meta":"","astra-migrate-meta-layouts":"set","ast-page-background-enabled":"default","ast-page-background-meta":{"desktop":{"background-color":"var(--ast-global-color-4)","background-image":"","background-repeat":"repeat","background-position":"center center","background-size":"auto","background-attachment":"scroll","background-type":"","background-media":"","overlay-type":"","overlay-color":"","overlay-opacity":"","overlay-gradient":""},"tablet":{"background-color":"","background-image":"","background-repeat":"repeat","background-position":"center center","background-size":"auto","background-attachment":"scroll","background-type":"","background-media":"","overlay-type":"","overlay-color":"","overlay-opacity":"","overlay-gradient":""},"mobile":{"background-color":"","background-image":"","background-repeat":"repeat","background-position":"center center","background-size":"auto","background-attachment":"scroll","background-type":"","background-media":"","overlay-type":"","overlay-color":"","overlay-opacity":"","overlay-gradient":""}},"ast-content-background-meta":{"desktop":{"background-color":"var(--ast-global-color-5)","background-image":"","background-repeat":"repeat","background-position":"center center","background-size":"auto","background-attachment":"scroll","background-type":"","background-media":"","overlay-type":"","overlay-color":"","overlay-opacity":"","overlay-gradient":""},"tablet":{"background-color":"var(--ast-global-color-5)","background-image":"","background-repeat":"repeat","background-position":"center center","background-size":"auto","background-attachment":"scroll","background-type":"","background-media":"","overlay-type":"","overlay-color":"","overlay-opacity":"","overlay-gradient":""},"mobile":{"background-color":"var(--ast-global-color-5)","background-image":"","background-repeat":"repeat","background-position":"center center","background-size":"auto","background-attachment":"scroll","background-type":"","background-media":"","overlay-type":"","overlay-color":"","overlay-opacity":"","overlay-gradient":""}}},"product_brand":[76],"product_cat":[132],"product_tag":[],"class_list":{"0":"post-2695","1":"product","2":"type-product","3":"status-publish","4":"has-post-thumbnail","6":"product_brand-wurth","7":"product_cat-silicona","8":"desktop-align-left","9":"tablet-align-left","10":"mobile-align-left","12":"first","13":"instock","14":"taxable","15":"shipping-taxable","16":"purchasable","17":"product-type-simple"},"yoast_head":"<!-- This site is optimized with the Yoast SEO plugin v27.2 - https:\/\/yoast.com\/product\/yoast-seo-wordpress\/ -->\n<title>Silicona Alta Temperatura RTV Negro 85G - Assum<\/title>\n<meta name=\"description\" content=\"Resistente al envejecimiento, intemperie y ciclo t\u00e9rmico sin endurecerse, encogerse ni agrietarse. El producto no emite olores, no es corrosivo y es resistente al aceite, fluidos y vibraciones.Excelente compuesto adhesivo y de sellado para uso industrial y sellado de sistemas el\u00e9ctricos de autom\u00f3vilesSellado con silicona de elasticidad permanenteExcelente adherenciaExcelente resistencia a aceite del motor, aceite de transmisi\u00f3n y aceite de engranajesExtraordinaria resistencia a productos qu\u00edmicosViscosidad media, f\u00e1cil de aplicar\" \/>\n<meta name=\"robots\" content=\"index, follow, max-snippet:-1, max-image-preview:large, max-video-preview:-1\" \/>\n<link rel=\"canonical\" href=\"https:\/\/assum.cl\/wp\/producto\/silicona-alta-temperatura-rtv-negro-85g\/\" \/>\n<meta property=\"og:locale\" content=\"es_ES\" \/>\n<meta property=\"og:type\" content=\"article\" \/>\n<meta property=\"og:title\" content=\"Silicona Alta Temperatura RTV Negro 85G - Assum\" \/>\n<meta property=\"og:description\" content=\"Resistente al envejecimiento, intemperie y ciclo t\u00e9rmico sin endurecerse, encogerse ni agrietarse. El producto no emite olores, no es corrosivo y es resistente al aceite, fluidos y vibraciones.Excelente compuesto adhesivo y de sellado para uso industrial y sellado de sistemas el\u00e9ctricos de autom\u00f3vilesSellado con silicona de elasticidad permanenteExcelente adherenciaExcelente resistencia a aceite del motor, aceite de transmisi\u00f3n y aceite de engranajesExtraordinaria resistencia a productos qu\u00edmicosViscosidad media, f\u00e1cil de aplicar\" \/>\n<meta property=\"og:url\" content=\"https:\/\/assum.cl\/wp\/producto\/silicona-alta-temperatura-rtv-negro-85g\/\" \/>\n<meta property=\"og:site_name\" content=\"Assum\" \/>\n<meta property=\"article:modified_time\" content=\"2026-04-27T16:29:47+00:00\" \/>\n<meta name=\"twitter:card\" content=\"summary_large_image\" \/>\n<meta name=\"twitter:label1\" content=\"Tiempo de lectura\" \/>\n\t<meta name=\"twitter:data1\" content=\"1 minuto\" \/>\n<script type=\"application\/ld+json\" class=\"yoast-schema-graph\">{\"@context\":\"https:\/\/schema.org\",\"@graph\":[{\"@type\":\"WebPage\",\"@id\":\"https:\/\/assum.cl\/wp\/producto\/silicona-alta-temperatura-rtv-negro-85g\/\",\"url\":\"https:\/\/assum.cl\/wp\/producto\/silicona-alta-temperatura-rtv-negro-85g\/\",\"name\":\"Silicona Alta Temperatura RTV Negro 85G - Assum\",\"isPartOf\":{\"@id\":\"https:\/\/assum.cl\/wp\/#website\"},\"primaryImageOfPage\":{\"@id\":\"https:\/\/assum.cl\/wp\/producto\/silicona-alta-temperatura-rtv-negro-85g\/#primaryimage\"},\"image\":{\"@id\":\"https:\/\/assum.cl\/wp\/producto\/silicona-alta-temperatura-rtv-negro-85g\/#primaryimage\"},\"thumbnailUrl\":\"https:\/\/assum.cl\/wp\/wp-content\/uploads\/2026\/04\/589099165.jpg.avif\",\"datePublished\":\"2026-04-27T16:29:46+00:00\",\"dateModified\":\"2026-04-27T16:29:47+00:00\",\"description\":\"Resistente al envejecimiento, intemperie y ciclo t\u00e9rmico sin endurecerse, encogerse ni agrietarse. El producto no emite olores, no es corrosivo y es resistente al aceite, fluidos y vibraciones.Excelente compuesto adhesivo y de sellado para uso industrial y sellado de sistemas el\u00e9ctricos de autom\u00f3vilesSellado con silicona de elasticidad permanenteExcelente adherenciaExcelente resistencia a aceite del motor, aceite de transmisi\u00f3n y aceite de engranajesExtraordinaria resistencia a productos qu\u00edmicosViscosidad media, f\u00e1cil de aplicar\",\"breadcrumb\":{\"@id\":\"https:\/\/assum.cl\/wp\/producto\/silicona-alta-temperatura-rtv-negro-85g\/#breadcrumb\"},\"inLanguage\":\"es\",\"potentialAction\":[{\"@type\":\"ReadAction\",\"target\":[\"https:\/\/assum.cl\/wp\/producto\/silicona-alta-temperatura-rtv-negro-85g\/\"]}]},{\"@type\":\"ImageObject\",\"inLanguage\":\"es\",\"@id\":\"https:\/\/assum.cl\/wp\/producto\/silicona-alta-temperatura-rtv-negro-85g\/#primaryimage\",\"url\":\"https:\/\/assum.cl\/wp\/wp-content\/uploads\/2026\/04\/589099165.jpg.avif\",\"contentUrl\":\"https:\/\/assum.cl\/wp\/wp-content\/uploads\/2026\/04\/589099165.jpg.avif\",\"width\":576,\"height\":576},{\"@type\":\"BreadcrumbList\",\"@id\":\"https:\/\/assum.cl\/wp\/producto\/silicona-alta-temperatura-rtv-negro-85g\/#breadcrumb\",\"itemListElement\":[{\"@type\":\"ListItem\",\"position\":1,\"name\":\"Portada\",\"item\":\"https:\/\/assum.cl\/wp\/\"},{\"@type\":\"ListItem\",\"position\":2,\"name\":\"Productos\",\"item\":\"https:\/\/assum.cl\/wp\/tienda\/\"},{\"@type\":\"ListItem\",\"position\":3,\"name\":\"Silicona Alta Temperatura RTV Negro 85G\"}]},{\"@type\":\"WebSite\",\"@id\":\"https:\/\/assum.cl\/wp\/#website\",\"url\":\"https:\/\/assum.cl\/wp\/\",\"name\":\"Assum\",\"description\":\"Tus Metas son las Nuestras\",\"publisher\":{\"@id\":\"https:\/\/assum.cl\/wp\/#organization\"},\"potentialAction\":[{\"@type\":\"SearchAction\",\"target\":{\"@type\":\"EntryPoint\",\"urlTemplate\":\"https:\/\/assum.cl\/wp\/?s={search_term_string}\"},\"query-input\":{\"@type\":\"PropertyValueSpecification\",\"valueRequired\":true,\"valueName\":\"search_term_string\"}}],\"inLanguage\":\"es\"},{\"@type\":\"Organization\",\"@id\":\"https:\/\/assum.cl\/wp\/#organization\",\"name\":\"Assum\",\"url\":\"https:\/\/assum.cl\/wp\/\",\"logo\":{\"@type\":\"ImageObject\",\"inLanguage\":\"es\",\"@id\":\"https:\/\/assum.cl\/wp\/#\/schema\/logo\/image\/\",\"url\":\"https:\/\/assum.cl\/wp\/wp-content\/uploads\/2023\/06\/cropped-logoassum.png\",\"contentUrl\":\"https:\/\/assum.cl\/wp\/wp-content\/uploads\/2023\/06\/cropped-logoassum.png\",\"width\":512,\"height\":512,\"caption\":\"Assum\"},\"image\":{\"@id\":\"https:\/\/assum.cl\/wp\/#\/schema\/logo\/image\/\"}}]}<\/script>\n<!-- \/ Yoast SEO plugin. -->","yoast_head_json":{"title":"Silicona Alta Temperatura RTV Negro 85G - Assum","description":"Resistente al envejecimiento, intemperie y ciclo t\u00e9rmico sin endurecerse, encogerse ni agrietarse. El producto no emite olores, no es corrosivo y es resistente al aceite, fluidos y vibraciones.Excelente compuesto adhesivo y de sellado para uso industrial y sellado de sistemas el\u00e9ctricos de autom\u00f3vilesSellado con silicona de elasticidad permanenteExcelente adherenciaExcelente resistencia a aceite del motor, aceite de transmisi\u00f3n y aceite de engranajesExtraordinaria resistencia a productos qu\u00edmicosViscosidad media, f\u00e1cil de aplicar","robots":{"index":"index","follow":"follow","max-snippet":"max-snippet:-1","max-image-preview":"max-image-preview:large","max-video-preview":"max-video-preview:-1"},"canonical":"https:\/\/assum.cl\/wp\/producto\/silicona-alta-temperatura-rtv-negro-85g\/","og_locale":"es_ES","og_type":"article","og_title":"Silicona Alta Temperatura RTV Negro 85G - Assum","og_description":"Resistente al envejecimiento, intemperie y ciclo t\u00e9rmico sin endurecerse, encogerse ni agrietarse. El producto no emite olores, no es corrosivo y es resistente al aceite, fluidos y vibraciones.Excelente compuesto adhesivo y de sellado para uso industrial y sellado de sistemas el\u00e9ctricos de autom\u00f3vilesSellado con silicona de elasticidad permanenteExcelente adherenciaExcelente resistencia a aceite del motor, aceite de transmisi\u00f3n y aceite de engranajesExtraordinaria resistencia a productos qu\u00edmicosViscosidad media, f\u00e1cil de aplicar","og_url":"https:\/\/assum.cl\/wp\/producto\/silicona-alta-temperatura-rtv-negro-85g\/","og_site_name":"Assum","article_modified_time":"2026-04-27T16:29:47+00:00","twitter_card":"summary_large_image","twitter_misc":{"Tiempo de lectura":"1 minuto"},"schema":{"@context":"https:\/\/schema.org","@graph":[{"@type":"WebPage","@id":"https:\/\/assum.cl\/wp\/producto\/silicona-alta-temperatura-rtv-negro-85g\/","url":"https:\/\/assum.cl\/wp\/producto\/silicona-alta-temperatura-rtv-negro-85g\/","name":"Silicona Alta Temperatura RTV Negro 85G - Assum","isPartOf":{"@id":"https:\/\/assum.cl\/wp\/#website"},"primaryImageOfPage":{"@id":"https:\/\/assum.cl\/wp\/producto\/silicona-alta-temperatura-rtv-negro-85g\/#primaryimage"},"image":{"@id":"https:\/\/assum.cl\/wp\/producto\/silicona-alta-temperatura-rtv-negro-85g\/#primaryimage"},"thumbnailUrl":"https:\/\/assum.cl\/wp\/wp-content\/uploads\/2026\/04\/589099165.jpg.avif","datePublished":"2026-04-27T16:29:46+00:00","dateModified":"2026-04-27T16:29:47+00:00","description":"Resistente al envejecimiento, intemperie y ciclo t\u00e9rmico sin endurecerse, encogerse ni agrietarse. El producto no emite olores, no es corrosivo y es resistente al aceite, fluidos y vibraciones.Excelente compuesto adhesivo y de sellado para uso industrial y sellado de sistemas el\u00e9ctricos de autom\u00f3vilesSellado con silicona de elasticidad permanenteExcelente adherenciaExcelente resistencia a aceite del motor, aceite de transmisi\u00f3n y aceite de engranajesExtraordinaria resistencia a productos qu\u00edmicosViscosidad media, f\u00e1cil de aplicar","breadcrumb":{"@id":"https:\/\/assum.cl\/wp\/producto\/silicona-alta-temperatura-rtv-negro-85g\/#breadcrumb"},"inLanguage":"es","potentialAction":[{"@type":"ReadAction","target":["https:\/\/assum.cl\/wp\/producto\/silicona-alta-temperatura-rtv-negro-85g\/"]}]},{"@type":"ImageObject","inLanguage":"es","@id":"https:\/\/assum.cl\/wp\/producto\/silicona-alta-temperatura-rtv-negro-85g\/#primaryimage","url":"https:\/\/assum.cl\/wp\/wp-content\/uploads\/2026\/04\/589099165.jpg.avif","contentUrl":"https:\/\/assum.cl\/wp\/wp-content\/uploads\/2026\/04\/589099165.jpg.avif","width":576,"height":576},{"@type":"BreadcrumbList","@id":"https:\/\/assum.cl\/wp\/producto\/silicona-alta-temperatura-rtv-negro-85g\/#breadcrumb","itemListElement":[{"@type":"ListItem","position":1,"name":"Portada","item":"https:\/\/assum.cl\/wp\/"},{"@type":"ListItem","position":2,"name":"Productos","item":"https:\/\/assum.cl\/wp\/tienda\/"},{"@type":"ListItem","position":3,"name":"Silicona Alta Temperatura RTV Negro 85G"}]},{"@type":"WebSite","@id":"https:\/\/assum.cl\/wp\/#website","url":"https:\/\/assum.cl\/wp\/","name":"Assum","description":"Tus Metas son las Nuestras","publisher":{"@id":"https:\/\/assum.cl\/wp\/#organization"},"potentialAction":[{"@type":"SearchAction","target":{"@type":"EntryPoint","urlTemplate":"https:\/\/assum.cl\/wp\/?s={search_term_string}"},"query-input":{"@type":"PropertyValueSpecification","valueRequired":true,"valueName":"search_term_string"}}],"inLanguage":"es"},{"@type":"Organization","@id":"https:\/\/assum.cl\/wp\/#organization","name":"Assum","url":"https:\/\/assum.cl\/wp\/","logo":{"@type":"ImageObject","inLanguage":"es","@id":"https:\/\/assum.cl\/wp\/#\/schema\/logo\/image\/","url":"https:\/\/assum.cl\/wp\/wp-content\/uploads\/2023\/06\/cropped-logoassum.png","contentUrl":"https:\/\/assum.cl\/wp\/wp-content\/uploads\/2023\/06\/cropped-logoassum.png","width":512,"height":512,"caption":"Assum"},"image":{"@id":"https:\/\/assum.cl\/wp\/#\/schema\/logo\/image\/"}}]}},"_links":{"self":[{"href":"https:\/\/assum.cl\/wp\/wp-json\/wp\/v2\/product\/2695","targetHints":{"allow":["GET"]}}],"collection":[{"href":"https:\/\/assum.cl\/wp\/wp-json\/wp\/v2\/product"}],"about":[{"href":"https:\/\/assum.cl\/wp\/wp-json\/wp\/v2\/types\/product"}],"replies":[{"embeddable":true,"href":"https:\/\/assum.cl\/wp\/wp-json\/wp\/v2\/comments?post=2695"}],"wp:featuredmedia":[{"embeddable":true,"href":"https:\/\/assum.cl\/wp\/wp-json\/wp\/v2\/media\/2696"}],"wp:attachment":[{"href":"https:\/\/assum.cl\/wp\/wp-json\/wp\/v2\/media?parent=2695"}],"wp:term":[{"taxonomy":"product_brand","embeddable":true,"href":"https:\/\/assum.cl\/wp\/wp-json\/wp\/v2\/product_brand?post=2695"},{"taxonomy":"product_cat","embeddable":true,"href":"https:\/\/assum.cl\/wp\/wp-json\/wp\/v2\/product_cat?post=2695"},{"taxonomy":"product_tag","embeddable":true,"href":"https:\/\/assum.cl\/wp\/wp-json\/wp\/v2\/product_tag?post=2695"}],"curies":[{"name":"wp","href":"https:\/\/api.w.org\/{rel}","templated":true}]}}